{"id":6930,"date":"2024-04-24T13:18:19","date_gmt":"2024-04-24T13:18:19","guid":{"rendered":"https:\/\/mailynweddings-events.com\/?page_id=6930"},"modified":"2024-04-26T14:49:46","modified_gmt":"2024-04-26T14:49:46","slug":"impressum","status":"publish","type":"page","link":"https:\/\/mailynweddings-events.com\/it\/impressum\/","title":{"rendered":"Impressum"},"content":{"rendered":"<div data-elementor-type=\"wp-page\" data-elementor-id=\"6930\" class=\"elementor elementor-6930\">\n\t\t\t\t\t\t<section class=\"elementor-section elementor-top-section elementor-element elementor-element-11d1775 elementor-section-boxed elementor-section-height-default elementor-section-height-default eltdf-parallax-row-no eltdf-content-aligment-left eltdf-elementor-row-grid-no eltdf-disabled-bg-image-bellow-no\" data-id=\"11d1775\" data-element_type=\"section\" data-e-type=\"section\">\n\t\t\t\t\t\t<div class=\"elementor-container elementor-column-gap-default\">\n\t\t\t\t\t<div class=\"elementor-column elementor-col-100 elementor-top-column elementor-element elementor-element-2a98c49\" data-id=\"2a98c49\" data-element_type=\"column\" data-e-type=\"column\">\n\t\t\t<div class=\"elementor-widget-wrap elementor-element-populated\">\n\t\t\t\t\t\t<div class=\"elementor-element elementor-element-108bcee elementor-widget elementor-widget-text-editor\" data-id=\"108bcee\" data-element_type=\"widget\" data-e-type=\"widget\" data-widget_type=\"text-editor.default\">\n\t\t\t\t<div class=\"elementor-widget-container\">\n\t\t\t\t\t\t\t\t\t<p><\/p>\n<h2 class=\"wp-block-heading\">Impressum DER WEBSITE WWW.MAILYNWEDDINGS-EVENTS.COM<\/h2>\n<h4><span style=\"color: #4d504a; font-family: 'Cormorant Garamond', serif; font-size: 18px; letter-spacing: 0.14em; text-transform: uppercase;\">Angaben zum Verantwortlichen<\/span><\/h4>\n<p>Mailyn Sartori <br \/>Zur Lende 14<\/p>\n<p>39051 Bronzolo\u00a0<br \/>Tel: +39 3401504741\u00a0<br \/>Mail: info@mailynweddings-events.com<\/p>\n<p>P.IVA:\u00a0<\/p>\n<p>PEC:\u00a0<\/p>\n<p>\u00a0<\/p>\n<p><strong>Haftungsausschluss<\/strong><\/p>\n<p><span style=\"text-decoration: underline;\">Haftung f\u00fcr Inhalte:<\/span><br \/>Die Inhalte unserer Seiten wurden mit gr\u00f6\u00dfter Sorgfalt erstellt, bearbeitet und \u00fcberpr\u00fcft. F\u00fcr die Richtigkeit, Qualit\u00e4t, Vollst\u00e4ndigkeit und Aktualit\u00e4t der Inhalte k\u00f6nnen wir jedoch keine Gew\u00e4hr \u00fcbernehmen, auch da m\u00f6glicherweise in der Zwischenzeit \u00c4nderungen eingetreten sein k\u00f6nnten. Haftungsanspr\u00fcche jeglicher Natur, welche durch die Nutzung der bereitgestellten Informationen oder durch fehlende und\/oder unvollst\u00e4ndige Informationen verursacht wurden, sind grunds\u00e4tzlich ausgeschlossen.<\/p>\n<p><span style=\"text-decoration: underline;\">Haftung f\u00fcr Links:<\/span><\/p>\n<p>Diese Website enth\u00e4lt Verkn\u00fcpfungen zu Websites Dritter (&#8222;externe Links&#8220;). Diese Websites unterliegen der Haftung der jeweiligen Betreiber. Der Anbieter hat bei der erstmaligen Verkn\u00fcpfung der externen Links die fremden Inhalte daraufhin \u00fcberpr\u00fcft, ob etwaige Rechtsverst\u00f6\u00dfe bestehen. Zu dem Zeitpunkt waren keine Rechtsverst\u00f6\u00dfe ersichtlich. Der Anbieter hat keinerlei Einfluss auf die aktuelle und zuk\u00fcnftige Gestaltung und auf die Inhalte der verkn\u00fcpften Seiten. Das Setzen von externen Links bedeutet nicht, dass sich der Anbieter die hinter dem Verweis oder Link liegenden Inhalte zu Eigen macht. Eine st\u00e4ndige Kontrolle der externen Links ist f\u00fcr den Anbieter ohne konkrete Hinweise auf Rechtsverst\u00f6\u00dfe nicht zumutbar. Bei Kenntnis von Rechtsverst\u00f6\u00dfen werden jedoch derartige externe Links unverz\u00fcglich gel\u00f6scht.<\/p>\n<p><span style=\"text-decoration: underline;\">Haftung f\u00fcr Inhalte:<\/span><br \/>Die Inhalte unserer Seiten wurden mit gr\u00f6\u00dfter Sorgfalt erstellt, bearbeitet und \u00fcberpr\u00fcft. F\u00fcr die Richtigkeit, Qualit\u00e4t, Vollst\u00e4ndigkeit und Aktualit\u00e4t der Inhalte k\u00f6nnen wir jedoch keine Gew\u00e4hr \u00fcbernehmen, auch da m\u00f6glicherweise in der Zwischenzeit \u00c4nderungen eingetreten sein k\u00f6nnten. Haftungsanspr\u00fcche jeglicher Natur, welche durch die Nutzung der bereitgestellten Informationen oder durch fehlende und\/oder unvollst\u00e4ndige Informationen verursacht wurden, sind grunds\u00e4tzlich ausgeschlossen.<\/p>\n<p>\u00a0<\/p>\n<p><\/p>\t\t\t\t\t\t\t\t<\/div>\n\t\t\t\t<\/div>\n\t\t\t\t\t<\/div>\n\t\t<\/div>\n\t\t\t\t\t<\/div>\n\t\t<\/section>\n\t\t\t\t<\/div>","protected":false},"excerpt":{"rendered":"<p>Impressum DER WEBSITE WWW.MAILYNWEDDINGS-EVENTS.COM Angaben zum Verantwortlichen Mailyn Sartori Zur Lende 14 39051 Branzoll\u00a0Tel: +39 3401504741\u00a0Mail: info@mailynweddings-events.com P.IVA:\u00a0 PEC:\u00a0 \u00a0 Haftungsausschluss Haftung f\u00fcr Inhalte:Die Inhalte unserer Seiten wurden mit gr\u00f6\u00dfter Sorgfalt erstellt, bearbeitet und \u00fcberpr\u00fcft. F\u00fcr die Richtigkeit, Qualit\u00e4t, Vollst\u00e4ndigkeit und Aktualit\u00e4t der Inhalte k\u00f6nnen wir jedoch keine Gew\u00e4hr \u00fcbernehmen, auch da m\u00f6glicherweise in der Zwischenzeit \u00c4nderungen [&hellip;]<\/p>\n","protected":false},"author":2,"featured_media":0,"parent":0,"menu_order":0,"comment_status":"closed","ping_status":"closed","template":"","meta":{"footnotes":""},"class_list":["post-6930","page","type-page","status-publish","hentry"],"yoast_head":"<!-- This site is optimized with the Yoast SEO plugin v26.8 - https:\/\/yoast.com\/product\/yoast-seo-wordpress\/ -->\n<title>Impressum - Mailyn Sartori exklusive Hochzeiten<\/title>\n<meta name=\"robots\" content=\"index, follow, max-snippet:-1, max-image-preview:large, max-video-preview:-1\" \/>\n<link rel=\"canonical\" href=\"https:\/\/mailynweddings-events.com\/it\/impressum\/\" \/>\n<meta property=\"og:locale\" content=\"it_IT\" \/>\n<meta property=\"og:type\" content=\"article\" \/>\n<meta property=\"og:title\" content=\"Impressum - Mailyn Sartori exklusive Hochzeiten\" \/>\n<meta property=\"og:description\" content=\"Impressum DER WEBSITE WWW.MAILYNWEDDINGS-EVENTS.COM Angaben zum Verantwortlichen Mailyn Sartori Zur Lende 14 39051 Branzoll\u00a0Tel: +39 3401504741\u00a0Mail: info@mailynweddings-events.com P.IVA:\u00a0 PEC:\u00a0 \u00a0 Haftungsausschluss Haftung f\u00fcr Inhalte:Die Inhalte unserer Seiten wurden mit gr\u00f6\u00dfter Sorgfalt erstellt, bearbeitet und \u00fcberpr\u00fcft. F\u00fcr die Richtigkeit, Qualit\u00e4t, Vollst\u00e4ndigkeit und Aktualit\u00e4t der Inhalte k\u00f6nnen wir jedoch keine Gew\u00e4hr \u00fcbernehmen, auch da m\u00f6glicherweise in der Zwischenzeit \u00c4nderungen [&hellip;]\" \/>\n<meta property=\"og:url\" content=\"https:\/\/mailynweddings-events.com\/it\/impressum\/\" \/>\n<meta property=\"og:site_name\" content=\"Mailyn Sartori exklusive Hochzeiten\" \/>\n<meta property=\"article:publisher\" content=\"https:\/\/www.facebook.com\/profile.php?id=61557828502351\" \/>\n<meta property=\"article:modified_time\" content=\"2024-04-26T14:49:46+00:00\" \/>\n<meta name=\"twitter:card\" content=\"summary_large_image\" \/>\n<meta name=\"twitter:label1\" content=\"Tempo di lettura stimato\" \/>\n\t<meta name=\"twitter:data1\" content=\"2 minuti\" \/>\n<script type=\"application\/ld+json\" class=\"yoast-schema-graph\">{\"@context\":\"https:\/\/schema.org\",\"@graph\":[{\"@type\":\"WebPage\",\"@id\":\"https:\/\/mailynweddings-events.com\/impressum\/\",\"url\":\"https:\/\/mailynweddings-events.com\/impressum\/\",\"name\":\"Impressum - Mailyn Sartori exklusive Hochzeiten\",\"isPartOf\":{\"@id\":\"https:\/\/mailynweddings-events.com\/#website\"},\"datePublished\":\"2024-04-24T13:18:19+00:00\",\"dateModified\":\"2024-04-26T14:49:46+00:00\",\"breadcrumb\":{\"@id\":\"https:\/\/mailynweddings-events.com\/impressum\/#breadcrumb\"},\"inLanguage\":\"it-IT\",\"potentialAction\":[{\"@type\":\"ReadAction\",\"target\":[\"https:\/\/mailynweddings-events.com\/impressum\/\"]}]},{\"@type\":\"BreadcrumbList\",\"@id\":\"https:\/\/mailynweddings-events.com\/impressum\/#breadcrumb\",\"itemListElement\":[{\"@type\":\"ListItem\",\"position\":1,\"name\":\"Startseite\",\"item\":\"https:\/\/mailynweddings-events.com\/\"},{\"@type\":\"ListItem\",\"position\":2,\"name\":\"Impressum\"}]},{\"@type\":\"WebSite\",\"@id\":\"https:\/\/mailynweddings-events.com\/#website\",\"url\":\"https:\/\/mailynweddings-events.com\/\",\"name\":\"Mailyn Sartori Hochzeiten\",\"description\":\"Hochzeitesplanung in S\u00fcdtirol, Trentino, Lago di Garda\",\"publisher\":{\"@id\":\"https:\/\/mailynweddings-events.com\/#organization\"},\"potentialAction\":[{\"@type\":\"SearchAction\",\"target\":{\"@type\":\"EntryPoint\",\"urlTemplate\":\"https:\/\/mailynweddings-events.com\/?s={search_term_string}\"},\"query-input\":{\"@type\":\"PropertyValueSpecification\",\"valueRequired\":true,\"valueName\":\"search_term_string\"}}],\"inLanguage\":\"it-IT\"},{\"@type\":\"Organization\",\"@id\":\"https:\/\/mailynweddings-events.com\/#organization\",\"name\":\"Mailyn Sartori Hochzeiten\",\"url\":\"https:\/\/mailynweddings-events.com\/\",\"logo\":{\"@type\":\"ImageObject\",\"inLanguage\":\"it-IT\",\"@id\":\"https:\/\/mailynweddings-events.com\/#\/schema\/logo\/image\/\",\"url\":\"https:\/\/mailynweddings-events.com\/wp-content\/uploads\/2024\/05\/cropped-0FB112A8-8090-4AFD-A4FA-1F45F041E325.png\",\"contentUrl\":\"https:\/\/mailynweddings-events.com\/wp-content\/uploads\/2024\/05\/cropped-0FB112A8-8090-4AFD-A4FA-1F45F041E325.png\",\"width\":512,\"height\":512,\"caption\":\"Mailyn Sartori Hochzeiten\"},\"image\":{\"@id\":\"https:\/\/mailynweddings-events.com\/#\/schema\/logo\/image\/\"},\"sameAs\":[\"https:\/\/www.facebook.com\/profile.php?id=61557828502351\",\"https:\/\/www.instagram.com\/ms_weddings_\/\"]}]}<\/script>\n<!-- \/ Yoast SEO plugin. -->","yoast_head_json":{"title":"Impressum - Mailyn Sartori exklusive Hochzeiten","robots":{"index":"index","follow":"follow","max-snippet":"max-snippet:-1","max-image-preview":"max-image-preview:large","max-video-preview":"max-video-preview:-1"},"canonical":"https:\/\/mailynweddings-events.com\/it\/impressum\/","og_locale":"it_IT","og_type":"article","og_title":"Impressum - Mailyn Sartori exklusive Hochzeiten","og_description":"Impressum DER WEBSITE WWW.MAILYNWEDDINGS-EVENTS.COM Angaben zum Verantwortlichen Mailyn Sartori Zur Lende 14 39051 Branzoll\u00a0Tel: +39 3401504741\u00a0Mail: info@mailynweddings-events.com P.IVA:\u00a0 PEC:\u00a0 \u00a0 Haftungsausschluss Haftung f\u00fcr Inhalte:Die Inhalte unserer Seiten wurden mit gr\u00f6\u00dfter Sorgfalt erstellt, bearbeitet und \u00fcberpr\u00fcft. F\u00fcr die Richtigkeit, Qualit\u00e4t, Vollst\u00e4ndigkeit und Aktualit\u00e4t der Inhalte k\u00f6nnen wir jedoch keine Gew\u00e4hr \u00fcbernehmen, auch da m\u00f6glicherweise in der Zwischenzeit \u00c4nderungen [&hellip;]","og_url":"https:\/\/mailynweddings-events.com\/it\/impressum\/","og_site_name":"Mailyn Sartori exklusive Hochzeiten","article_publisher":"https:\/\/www.facebook.com\/profile.php?id=61557828502351","article_modified_time":"2024-04-26T14:49:46+00:00","twitter_card":"summary_large_image","twitter_misc":{"Tempo di lettura stimato":"2 minuti"},"schema":{"@context":"https:\/\/schema.org","@graph":[{"@type":"WebPage","@id":"https:\/\/mailynweddings-events.com\/impressum\/","url":"https:\/\/mailynweddings-events.com\/impressum\/","name":"Impressum - Mailyn Sartori exklusive Hochzeiten","isPartOf":{"@id":"https:\/\/mailynweddings-events.com\/#website"},"datePublished":"2024-04-24T13:18:19+00:00","dateModified":"2024-04-26T14:49:46+00:00","breadcrumb":{"@id":"https:\/\/mailynweddings-events.com\/impressum\/#breadcrumb"},"inLanguage":"it-IT","potentialAction":[{"@type":"ReadAction","target":["https:\/\/mailynweddings-events.com\/impressum\/"]}]},{"@type":"BreadcrumbList","@id":"https:\/\/mailynweddings-events.com\/impressum\/#breadcrumb","itemListElement":[{"@type":"ListItem","position":1,"name":"Startseite","item":"https:\/\/mailynweddings-events.com\/"},{"@type":"ListItem","position":2,"name":"Impressum"}]},{"@type":"WebSite","@id":"https:\/\/mailynweddings-events.com\/#website","url":"https:\/\/mailynweddings-events.com\/","name":"Mailyn Sartori Matrimoni","description":"Hochzeitesplanung in S\u00fcdtirol, Trentino, Lago di Garda","publisher":{"@id":"https:\/\/mailynweddings-events.com\/#organization"},"potentialAction":[{"@type":"SearchAction","target":{"@type":"EntryPoint","urlTemplate":"https:\/\/mailynweddings-events.com\/?s={search_term_string}"},"query-input":{"@type":"PropertyValueSpecification","valueRequired":true,"valueName":"search_term_string"}}],"inLanguage":"it-IT"},{"@type":"Organization","@id":"https:\/\/mailynweddings-events.com\/#organization","name":"Mailyn Sartori Matrimoni","url":"https:\/\/mailynweddings-events.com\/","logo":{"@type":"ImageObject","inLanguage":"it-IT","@id":"https:\/\/mailynweddings-events.com\/#\/schema\/logo\/image\/","url":"https:\/\/mailynweddings-events.com\/wp-content\/uploads\/2024\/05\/cropped-0FB112A8-8090-4AFD-A4FA-1F45F041E325.png","contentUrl":"https:\/\/mailynweddings-events.com\/wp-content\/uploads\/2024\/05\/cropped-0FB112A8-8090-4AFD-A4FA-1F45F041E325.png","width":512,"height":512,"caption":"Mailyn Sartori Hochzeiten"},"image":{"@id":"https:\/\/mailynweddings-events.com\/#\/schema\/logo\/image\/"},"sameAs":["https:\/\/www.facebook.com\/profile.php?id=61557828502351","https:\/\/www.instagram.com\/ms_weddings_\/"]}]}},"_links":{"self":[{"href":"https:\/\/mailynweddings-events.com\/it\/wp-json\/wp\/v2\/pages\/6930","targetHints":{"allow":["GET"]}}],"collection":[{"href":"https:\/\/mailynweddings-events.com\/it\/wp-json\/wp\/v2\/pages"}],"about":[{"href":"https:\/\/mailynweddings-events.com\/it\/wp-json\/wp\/v2\/types\/page"}],"author":[{"embeddable":true,"href":"https:\/\/mailynweddings-events.com\/it\/wp-json\/wp\/v2\/users\/2"}],"replies":[{"embeddable":true,"href":"https:\/\/mailynweddings-events.com\/it\/wp-json\/wp\/v2\/comments?post=6930"}],"version-history":[{"count":10,"href":"https:\/\/mailynweddings-events.com\/it\/wp-json\/wp\/v2\/pages\/6930\/revisions"}],"predecessor-version":[{"id":6945,"href":"https:\/\/mailynweddings-events.com\/it\/wp-json\/wp\/v2\/pages\/6930\/revisions\/6945"}],"wp:attachment":[{"href":"https:\/\/mailynweddings-events.com\/it\/wp-json\/wp\/v2\/media?parent=6930"}],"curies":[{"name":"wp","href":"https:\/\/api.w.org\/{rel}","templated":true}]}}